{"id":966,"date":"2020-11-10T10:46:50","date_gmt":"2020-11-10T09:46:50","guid":{"rendered":"https:\/\/origen100x100.com\/?post_type=product&#038;p=966"},"modified":"2022-06-21T16:43:48","modified_gmt":"2022-06-21T14:43:48","slug":"ensaladilla-rusa","status":"publish","type":"product","link":"https:\/\/origen100x100.com\/cat\/producte\/ensaladilla-rusa\/","title":{"rendered":"Ensaladilla Russa"},"content":{"rendered":"","protected":false},"excerpt":{"rendered":"<p><strong>L\u2019ensalada reina de les tapes i els entrants.<\/strong> Amb les verduretes cl\u00e0ssiques cuites al buit, m\u00e9s olives, tonyina, ou i maonesa. A causa de la seva cocci\u00f3 a baixa temperatura conserva tot el seu sabor. <em>Pes net: 300g\u00a0<\/em><\/p>\n<p><img loading=\"lazy\" decoding=\"async\" class=\"alignnone wp-image-2568\" title=\"Apto veganos\" src=\"https:\/\/origen100x100.com\/wp-content\/uploads\/2020\/11\/Vegano-300x300.png\" alt=\"Apto veganos\" width=\"23\" height=\"23\" \/> <img loading=\"lazy\" decoding=\"async\" class=\"alignnone wp-image-2338\" title=\"Sense gluten\" src=\"https:\/\/origen100x100.com\/wp-content\/uploads\/2020\/11\/sin-gluten-300x300.png\" alt=\"Sense gluten\" width=\"23\" height=\"23\" \/><\/p>","protected":false},"featured_media":7480,"comment_status":"open","ping_status":"closed","template":"","meta":{"_acf_changed":false,"_et_pb_use_builder":"off","_et_pb_old_content":"","_et_gb_content_width":"","rank_math_lock_modified_date":false,"inline_featured_image":false},"product_brand":[],"product_cat":[32],"product_tag":[41,39],"class_list":{"0":"post-966","1":"product","2":"type-product","3":"status-publish","4":"has-post-thumbnail","6":"product_cat-platos-vegetarianos","7":"product_tag-sin-gluten","8":"product_tag-vegana","10":"first","11":"instock","12":"taxable","13":"shipping-taxable","14":"purchasable","15":"product-type-simple"},"acf":[],"_links":{"self":[{"href":"https:\/\/origen100x100.com\/cat\/wp-json\/wp\/v2\/product\/966"}],"collection":[{"href":"https:\/\/origen100x100.com\/cat\/wp-json\/wp\/v2\/product"}],"about":[{"href":"https:\/\/origen100x100.com\/cat\/wp-json\/wp\/v2\/types\/product"}],"replies":[{"embeddable":true,"href":"https:\/\/origen100x100.com\/cat\/wp-json\/wp\/v2\/comments?post=966"}],"wp:featuredmedia":[{"embeddable":true,"href":"https:\/\/origen100x100.com\/cat\/wp-json\/wp\/v2\/media\/7480"}],"wp:attachment":[{"href":"https:\/\/origen100x100.com\/cat\/wp-json\/wp\/v2\/media?parent=966"}],"wp:term":[{"taxonomy":"product_brand","embeddable":true,"href":"https:\/\/origen100x100.com\/cat\/wp-json\/wp\/v2\/product_brand?post=966"},{"taxonomy":"product_cat","embeddable":true,"href":"https:\/\/origen100x100.com\/cat\/wp-json\/wp\/v2\/product_cat?post=966"},{"taxonomy":"product_tag","embeddable":true,"href":"https:\/\/origen100x100.com\/cat\/wp-json\/wp\/v2\/product_tag?post=966"}],"curies":[{"name":"wp","href":"https:\/\/api.w.org\/{rel}","templated":true}]}}