{"id":6574,"date":"2021-12-07T14:38:17","date_gmt":"2021-12-07T13:38:17","guid":{"rendered":"https:\/\/origen100x100.com\/?post_type=product&#038;p=6574"},"modified":"2024-07-22T12:27:47","modified_gmt":"2024-07-22T10:27:47","slug":"pollo-con-ciruelas-y-pinones-entero","status":"publish","type":"product","link":"https:\/\/origen100x100.com\/cat\/producte\/pollo-con-ciruelas-y-pinones-entero\/","title":{"rendered":"POLLASTRE AMB PRUNES I PINYONS (SENCER)"},"content":{"rendered":"","protected":false},"excerpt":{"rendered":"<p><strong>Pollastre amb Prunes i Pinyons (Sencer). <\/strong>Producte que, por la seva cocci\u00f3 al buit, permet mantenir les propietats nutritives originals de l'aliment i millorar l'aroma, la textura i les caracter\u00edstiques organol\u00e8ptiques d'aquest. Aix\u00ed mateix, millora substancialment la seva conservaci\u00f3. Por la manera de presentar-se permet un r\u00e0pid i f\u00e0cil \u00fas per al seu consum.\u00a0 <em>Pes net: 2,7kg (4-6 racions)<\/em><\/p>\n<p>&nbsp;<\/p>","protected":false},"featured_media":7849,"comment_status":"open","ping_status":"closed","template":"","meta":{"_acf_changed":false,"_et_pb_use_builder":"off","_et_pb_old_content":"","_et_gb_content_width":"","rank_math_lock_modified_date":false,"inline_featured_image":false},"product_brand":[],"product_cat":[17],"product_tag":[41,39],"class_list":{"0":"post-6574","1":"product","2":"type-product","3":"status-publish","4":"has-post-thumbnail","6":"product_cat-platos-con-carne-y-pescado","7":"product_tag-sin-gluten","8":"product_tag-vegana","10":"first","11":"outofstock","12":"taxable","13":"shipping-taxable","14":"purchasable","15":"product-type-simple"},"acf":[],"_links":{"self":[{"href":"https:\/\/origen100x100.com\/cat\/wp-json\/wp\/v2\/product\/6574"}],"collection":[{"href":"https:\/\/origen100x100.com\/cat\/wp-json\/wp\/v2\/product"}],"about":[{"href":"https:\/\/origen100x100.com\/cat\/wp-json\/wp\/v2\/types\/product"}],"replies":[{"embeddable":true,"href":"https:\/\/origen100x100.com\/cat\/wp-json\/wp\/v2\/comments?post=6574"}],"wp:featuredmedia":[{"embeddable":true,"href":"https:\/\/origen100x100.com\/cat\/wp-json\/wp\/v2\/media\/7849"}],"wp:attachment":[{"href":"https:\/\/origen100x100.com\/cat\/wp-json\/wp\/v2\/media?parent=6574"}],"wp:term":[{"taxonomy":"product_brand","embeddable":true,"href":"https:\/\/origen100x100.com\/cat\/wp-json\/wp\/v2\/product_brand?post=6574"},{"taxonomy":"product_cat","embeddable":true,"href":"https:\/\/origen100x100.com\/cat\/wp-json\/wp\/v2\/product_cat?post=6574"},{"taxonomy":"product_tag","embeddable":true,"href":"https:\/\/origen100x100.com\/cat\/wp-json\/wp\/v2\/product_tag?post=6574"}],"curies":[{"name":"wp","href":"https:\/\/api.w.org\/{rel}","templated":true}]}}