{"id":5065,"date":"2021-03-25T15:38:24","date_gmt":"2021-03-25T14:38:24","guid":{"rendered":"https:\/\/origen100x100.com\/?post_type=product&#038;p=5065"},"modified":"2024-07-22T12:30:57","modified_gmt":"2024-07-22T10:30:57","slug":"alubia-pequena-cocida","status":"publish","type":"product","link":"https:\/\/origen100x100.com\/cat\/producte\/alubia-pequena-cocida\/","title":{"rendered":"Mongeta Petita Cuita"},"content":{"rendered":"","protected":false},"excerpt":{"rendered":"<p><strong>Mongetas cuitas al buit amb sal. <\/strong>Aconseguim gustos i textures id\u00e8ntiques a una bona cocci\u00f3 tradicional. Pots esc\u00f3rrer o aprofitar el suc de la seva cocci\u00f3 per a fer guisats de manera molt r\u00e0pida.<em> Pes net: 350g<\/em><\/p>\n<p><em><img loading=\"lazy\" decoding=\"async\" class=\"alignnone wp-image-2568\" src=\"https:\/\/origen100x100.com\/wp-content\/uploads\/2020\/11\/Vegano-300x300.png\" alt=\"Apto para veganos\" width=\"23\" height=\"23\" \/><img loading=\"lazy\" decoding=\"async\" class=\"alignnone wp-image-2338\" src=\"https:\/\/origen100x100.com\/wp-content\/uploads\/2020\/11\/sin-gluten-300x300.png\" alt=\"Sense gluten\" width=\"23\" height=\"23\" \/><\/em><\/p>","protected":false},"featured_media":7470,"comment_status":"open","ping_status":"closed","template":"","meta":{"_acf_changed":false,"_et_pb_use_builder":"off","_et_pb_old_content":"","_et_gb_content_width":"","rank_math_lock_modified_date":false,"inline_featured_image":false},"product_brand":[],"product_cat":[53,34,32],"product_tag":[41,39],"class_list":{"0":"post-5065","1":"product","2":"type-product","3":"status-publish","4":"has-post-thumbnail","6":"product_cat-batch-cooking","7":"product_cat-legumbres","8":"product_cat-platos-vegetarianos","9":"product_tag-sin-gluten","10":"product_tag-vegana","12":"first","13":"outofstock","14":"taxable","15":"shipping-taxable","16":"purchasable","17":"product-type-simple"},"acf":[],"_links":{"self":[{"href":"https:\/\/origen100x100.com\/cat\/wp-json\/wp\/v2\/product\/5065"}],"collection":[{"href":"https:\/\/origen100x100.com\/cat\/wp-json\/wp\/v2\/product"}],"about":[{"href":"https:\/\/origen100x100.com\/cat\/wp-json\/wp\/v2\/types\/product"}],"replies":[{"embeddable":true,"href":"https:\/\/origen100x100.com\/cat\/wp-json\/wp\/v2\/comments?post=5065"}],"wp:featuredmedia":[{"embeddable":true,"href":"https:\/\/origen100x100.com\/cat\/wp-json\/wp\/v2\/media\/7470"}],"wp:attachment":[{"href":"https:\/\/origen100x100.com\/cat\/wp-json\/wp\/v2\/media?parent=5065"}],"wp:term":[{"taxonomy":"product_brand","embeddable":true,"href":"https:\/\/origen100x100.com\/cat\/wp-json\/wp\/v2\/product_brand?post=5065"},{"taxonomy":"product_cat","embeddable":true,"href":"https:\/\/origen100x100.com\/cat\/wp-json\/wp\/v2\/product_cat?post=5065"},{"taxonomy":"product_tag","embeddable":true,"href":"https:\/\/origen100x100.com\/cat\/wp-json\/wp\/v2\/product_tag?post=5065"}],"curies":[{"name":"wp","href":"https:\/\/api.w.org\/{rel}","templated":true}]}}