{"id":1271,"date":"2020-11-18T12:51:04","date_gmt":"2020-11-18T11:51:04","guid":{"rendered":"https:\/\/origen100x100.com\/?post_type=product&#038;p=1271"},"modified":"2025-07-24T11:55:38","modified_gmt":"2025-07-24T09:55:38","slug":"rustico-de-verduras","status":"publish","type":"product","link":"https:\/\/origen100x100.com\/cat\/producte\/rustico-de-verduras\/","title":{"rendered":"R\u00fastic de Verdures"},"content":{"rendered":"","protected":false},"excerpt":{"rendered":"<p><strong>Alberg\u00ednia i ceba fregides; carbass\u00f3, pebrot vermell i pebrot verd rostits, tot a daus.<\/strong> Ideal com acompanyament o per a fer truites i pizzes vegetals, o qualsevol altra recepta. A causa de la seva cocci\u00f3 a baixa temperatura conserva tot el seu sabor. <em>Pes net: 250g\u00a0<\/em><\/p>\n<p><img loading=\"lazy\" decoding=\"async\" class=\"alignnone wp-image-2568\" title=\"Apto veganos\" src=\"https:\/\/origen100x100.com\/wp-content\/uploads\/2020\/11\/Vegano-300x300.png\" alt=\"Apto veganos\" width=\"23\" height=\"23\" \/> <img loading=\"lazy\" decoding=\"async\" class=\"alignnone wp-image-2338\" title=\"Sense gluten\" src=\"https:\/\/origen100x100.com\/wp-content\/uploads\/2020\/11\/sin-gluten-300x300.png\" alt=\"Sense gluten\" width=\"23\" height=\"23\" \/><\/p>","protected":false},"featured_media":7483,"comment_status":"open","ping_status":"closed","template":"","meta":{"_acf_changed":false,"_et_pb_use_builder":"off","_et_pb_old_content":"","_et_gb_content_width":"","rank_math_lock_modified_date":false,"inline_featured_image":false},"product_brand":[],"product_cat":[53,32,33],"product_tag":[41,39],"class_list":{"0":"post-1271","1":"product","2":"type-product","3":"status-publish","4":"has-post-thumbnail","6":"product_cat-batch-cooking","7":"product_cat-platos-vegetarianos","8":"product_cat-verdura","9":"product_tag-sin-gluten","10":"product_tag-vegana","12":"first","13":"instock","14":"featured","15":"taxable","16":"shipping-taxable","17":"purchasable","18":"product-type-simple"},"acf":[],"_links":{"self":[{"href":"https:\/\/origen100x100.com\/cat\/wp-json\/wp\/v2\/product\/1271"}],"collection":[{"href":"https:\/\/origen100x100.com\/cat\/wp-json\/wp\/v2\/product"}],"about":[{"href":"https:\/\/origen100x100.com\/cat\/wp-json\/wp\/v2\/types\/product"}],"replies":[{"embeddable":true,"href":"https:\/\/origen100x100.com\/cat\/wp-json\/wp\/v2\/comments?post=1271"}],"wp:featuredmedia":[{"embeddable":true,"href":"https:\/\/origen100x100.com\/cat\/wp-json\/wp\/v2\/media\/7483"}],"wp:attachment":[{"href":"https:\/\/origen100x100.com\/cat\/wp-json\/wp\/v2\/media?parent=1271"}],"wp:term":[{"taxonomy":"product_brand","embeddable":true,"href":"https:\/\/origen100x100.com\/cat\/wp-json\/wp\/v2\/product_brand?post=1271"},{"taxonomy":"product_cat","embeddable":true,"href":"https:\/\/origen100x100.com\/cat\/wp-json\/wp\/v2\/product_cat?post=1271"},{"taxonomy":"product_tag","embeddable":true,"href":"https:\/\/origen100x100.com\/cat\/wp-json\/wp\/v2\/product_tag?post=1271"}],"curies":[{"name":"wp","href":"https:\/\/api.w.org\/{rel}","templated":true}]}}