{"id":1268,"date":"2020-11-18T12:48:03","date_gmt":"2020-11-18T11:48:03","guid":{"rendered":"https:\/\/origen100x100.com\/?post_type=product&#038;p=1268"},"modified":"2022-06-21T16:17:10","modified_gmt":"2022-06-21T14:17:10","slug":"patata-y-guisante-extrafino","status":"publish","type":"product","link":"https:\/\/origen100x100.com\/cat\/producte\/patata-y-guisante-extrafino\/","title":{"rendered":"Patata i P\u00e8sol Extraf\u00ed"},"content":{"rendered":"","protected":false},"excerpt":{"rendered":"<p><strong>Patata i p\u00e8sols extrafins a parts iguals cuinats al buit, nom\u00e9s afegim un pessic de sal.<\/strong> A causa de la seva cocci\u00f3 a baixa temperatura conserva tot el seu sabor. <em>Pes net: 300g<\/em><\/p>\n<p><img loading=\"lazy\" decoding=\"async\" class=\"alignnone wp-image-2568\" title=\"Apto veganos\" src=\"https:\/\/origen100x100.com\/wp-content\/uploads\/2020\/11\/Vegano-300x300.png\" alt=\"Apto veganos\" width=\"23\" height=\"23\" \/> <img loading=\"lazy\" decoding=\"async\" class=\"alignnone wp-image-2338\" title=\"Sense gluten\" src=\"https:\/\/origen100x100.com\/wp-content\/uploads\/2020\/11\/sin-gluten-300x300.png\" alt=\"Sense gluten\" width=\"23\" height=\"23\" \/><\/p>","protected":false},"featured_media":7520,"comment_status":"open","ping_status":"closed","template":"","meta":{"_acf_changed":false,"_et_pb_use_builder":"off","_et_pb_old_content":"","_et_gb_content_width":"","rank_math_lock_modified_date":false,"inline_featured_image":false},"product_brand":[],"product_cat":[32,33],"product_tag":[41,39],"class_list":{"0":"post-1268","1":"product","2":"type-product","3":"status-publish","4":"has-post-thumbnail","6":"product_cat-platos-vegetarianos","7":"product_cat-verdura","8":"product_tag-sin-gluten","9":"product_tag-vegana","11":"first","12":"instock","13":"taxable","14":"shipping-taxable","15":"purchasable","16":"product-type-simple"},"acf":[],"_links":{"self":[{"href":"https:\/\/origen100x100.com\/cat\/wp-json\/wp\/v2\/product\/1268"}],"collection":[{"href":"https:\/\/origen100x100.com\/cat\/wp-json\/wp\/v2\/product"}],"about":[{"href":"https:\/\/origen100x100.com\/cat\/wp-json\/wp\/v2\/types\/product"}],"replies":[{"embeddable":true,"href":"https:\/\/origen100x100.com\/cat\/wp-json\/wp\/v2\/comments?post=1268"}],"wp:featuredmedia":[{"embeddable":true,"href":"https:\/\/origen100x100.com\/cat\/wp-json\/wp\/v2\/media\/7520"}],"wp:attachment":[{"href":"https:\/\/origen100x100.com\/cat\/wp-json\/wp\/v2\/media?parent=1268"}],"wp:term":[{"taxonomy":"product_brand","embeddable":true,"href":"https:\/\/origen100x100.com\/cat\/wp-json\/wp\/v2\/product_brand?post=1268"},{"taxonomy":"product_cat","embeddable":true,"href":"https:\/\/origen100x100.com\/cat\/wp-json\/wp\/v2\/product_cat?post=1268"},{"taxonomy":"product_tag","embeddable":true,"href":"https:\/\/origen100x100.com\/cat\/wp-json\/wp\/v2\/product_tag?post=1268"}],"curies":[{"name":"wp","href":"https:\/\/api.w.org\/{rel}","templated":true}]}}