{"id":1259,"date":"2020-11-18T12:40:33","date_gmt":"2020-11-18T11:40:33","guid":{"rendered":"https:\/\/origen100x100.com\/?post_type=product&#038;p=1259"},"modified":"2022-06-21T16:31:48","modified_gmt":"2022-06-21T14:31:48","slug":"patata-a-la-pimienta","status":"publish","type":"product","link":"https:\/\/origen100x100.com\/cat\/producte\/patata-a-la-pimienta\/","title":{"rendered":"Patata Empebrada"},"content":{"rendered":"","protected":false},"excerpt":{"rendered":"<p><strong>Patata amb pell cuita al buit, amb un rajol\u00ed d\u2019oli d\u2019oliva, sal i pebre negre.<\/strong> . La patata, gr\u00e0cies a la cocci\u00f3 a baixa temperatura, mant\u00e9 tot el seu sabor, potenciat encara m\u00e9s pels altres ingredients. Es pot escalfar i consumir, o b\u00e9 saltar o fregir. Ideal per a fer unes \u201cbraves\u201d toves per dins i cruixents per fora. <em>Pes net: 250g<\/em><\/p>\n<p><img loading=\"lazy\" decoding=\"async\" class=\"alignnone wp-image-2568\" title=\"Apto veganos\" src=\"https:\/\/origen100x100.com\/wp-content\/uploads\/2020\/11\/Vegano-300x300.png\" alt=\"Apto veganos\" width=\"23\" height=\"23\" \/> <img loading=\"lazy\" decoding=\"async\" class=\"alignnone wp-image-2338\" title=\"Sense gluten\" src=\"https:\/\/origen100x100.com\/wp-content\/uploads\/2020\/11\/sin-gluten-300x300.png\" alt=\"Sense gluten\" width=\"23\" height=\"23\" \/><\/p>","protected":false},"featured_media":7515,"comment_status":"open","ping_status":"closed","template":"","meta":{"_acf_changed":false,"_et_pb_use_builder":"off","_et_pb_old_content":"","_et_gb_content_width":"","rank_math_lock_modified_date":false,"inline_featured_image":false},"product_brand":[],"product_cat":[53,32],"product_tag":[41,39],"class_list":{"0":"post-1259","1":"product","2":"type-product","3":"status-publish","4":"has-post-thumbnail","6":"product_cat-batch-cooking","7":"product_cat-platos-vegetarianos","8":"product_tag-sin-gluten","9":"product_tag-vegana","11":"first","12":"instock","13":"taxable","14":"shipping-taxable","15":"purchasable","16":"product-type-simple"},"acf":[],"_links":{"self":[{"href":"https:\/\/origen100x100.com\/cat\/wp-json\/wp\/v2\/product\/1259"}],"collection":[{"href":"https:\/\/origen100x100.com\/cat\/wp-json\/wp\/v2\/product"}],"about":[{"href":"https:\/\/origen100x100.com\/cat\/wp-json\/wp\/v2\/types\/product"}],"replies":[{"embeddable":true,"href":"https:\/\/origen100x100.com\/cat\/wp-json\/wp\/v2\/comments?post=1259"}],"wp:featuredmedia":[{"embeddable":true,"href":"https:\/\/origen100x100.com\/cat\/wp-json\/wp\/v2\/media\/7515"}],"wp:attachment":[{"href":"https:\/\/origen100x100.com\/cat\/wp-json\/wp\/v2\/media?parent=1259"}],"wp:term":[{"taxonomy":"product_brand","embeddable":true,"href":"https:\/\/origen100x100.com\/cat\/wp-json\/wp\/v2\/product_brand?post=1259"},{"taxonomy":"product_cat","embeddable":true,"href":"https:\/\/origen100x100.com\/cat\/wp-json\/wp\/v2\/product_cat?post=1259"},{"taxonomy":"product_tag","embeddable":true,"href":"https:\/\/origen100x100.com\/cat\/wp-json\/wp\/v2\/product_tag?post=1259"}],"curies":[{"name":"wp","href":"https:\/\/api.w.org\/{rel}","templated":true}]}}