{"id":1239,"date":"2020-11-17T14:08:22","date_gmt":"2020-11-17T13:08:22","guid":{"rendered":"https:\/\/origen100x100.com\/?post_type=product&#038;p=1239"},"modified":"2022-06-21T16:37:31","modified_gmt":"2022-06-21T14:37:31","slug":"escalivada","status":"publish","type":"product","link":"https:\/\/origen100x100.com\/cat\/producte\/escalivada\/","title":{"rendered":"Escalivada"},"content":{"rendered":"","protected":false},"excerpt":{"rendered":"<p><strong>Alberg\u00ednia i pebrot, a parts iguals, escalivats en forn de llenya i tot seguit cuinats al buit<\/strong> Gr\u00e0cies al forn de llenya aconseguim un sabor molt b\u00f3. Ideal com acompanyant. Degut a la seva baixa cocci\u00f3 conserva tot el sabor. <em>Pes net: 300g<\/em><\/p>\n<p><img loading=\"lazy\" decoding=\"async\" class=\"alignnone wp-image-2568\" title=\"Apto veganos\" src=\"https:\/\/origen100x100.com\/wp-content\/uploads\/2020\/11\/Vegano-300x300.png\" alt=\"Apto veganos\" width=\"23\" height=\"23\" \/> <img loading=\"lazy\" decoding=\"async\" class=\"alignnone wp-image-2338\" title=\"Sense gluten\" src=\"https:\/\/origen100x100.com\/wp-content\/uploads\/2020\/11\/sin-gluten-300x300.png\" alt=\"Sense gluten\" width=\"23\" height=\"23\" \/><\/p>","protected":false},"featured_media":7467,"comment_status":"open","ping_status":"closed","template":"","meta":{"_acf_changed":false,"_et_pb_use_builder":"off","_et_pb_old_content":"\u00a0\r\n\r\n\u00a0","_et_gb_content_width":"","rank_math_lock_modified_date":false,"inline_featured_image":false},"product_brand":[],"product_cat":[32,33],"product_tag":[41,39],"class_list":{"0":"post-1239","1":"product","2":"type-product","3":"status-publish","4":"has-post-thumbnail","6":"product_cat-platos-vegetarianos","7":"product_cat-verdura","8":"product_tag-sin-gluten","9":"product_tag-vegana","11":"first","12":"instock","13":"taxable","14":"shipping-taxable","15":"purchasable","16":"product-type-simple"},"acf":[],"_links":{"self":[{"href":"https:\/\/origen100x100.com\/cat\/wp-json\/wp\/v2\/product\/1239"}],"collection":[{"href":"https:\/\/origen100x100.com\/cat\/wp-json\/wp\/v2\/product"}],"about":[{"href":"https:\/\/origen100x100.com\/cat\/wp-json\/wp\/v2\/types\/product"}],"replies":[{"embeddable":true,"href":"https:\/\/origen100x100.com\/cat\/wp-json\/wp\/v2\/comments?post=1239"}],"wp:featuredmedia":[{"embeddable":true,"href":"https:\/\/origen100x100.com\/cat\/wp-json\/wp\/v2\/media\/7467"}],"wp:attachment":[{"href":"https:\/\/origen100x100.com\/cat\/wp-json\/wp\/v2\/media?parent=1239"}],"wp:term":[{"taxonomy":"product_brand","embeddable":true,"href":"https:\/\/origen100x100.com\/cat\/wp-json\/wp\/v2\/product_brand?post=1239"},{"taxonomy":"product_cat","embeddable":true,"href":"https:\/\/origen100x100.com\/cat\/wp-json\/wp\/v2\/product_cat?post=1239"},{"taxonomy":"product_tag","embeddable":true,"href":"https:\/\/origen100x100.com\/cat\/wp-json\/wp\/v2\/product_tag?post=1239"}],"curies":[{"name":"wp","href":"https:\/\/api.w.org\/{rel}","templated":true}]}}