{"id":1237,"date":"2020-11-17T14:05:32","date_gmt":"2020-11-17T13:05:32","guid":{"rendered":"https:\/\/origen100x100.com\/?post_type=product&#038;p=1237"},"modified":"2022-06-21T16:38:01","modified_gmt":"2022-06-21T14:38:01","slug":"ensaladilla-base","status":"publish","type":"product","link":"https:\/\/origen100x100.com\/cat\/producte\/ensaladilla-base\/","title":{"rendered":"Ensaladilla (Base)"},"content":{"rendered":"","protected":false},"excerpt":{"rendered":"<p><strong>\u00c9s el conjunt d\u2019hortalisses t\u00edpiques de l\u2019Ensalada Russa, cuites al buit,<\/strong> que et permet crear la teva pr\u00f2pia recepta amb molta rapidesa, molt sabor i m\u00e9s saludable. Tamb\u00e9 la pots utilitzar com a acompanyament. A causa de la seva cocci\u00f3 a baixa temperatura conserva tot el seu sabor. <em>Pes net: 250g<\/em><\/p>\n<p><img loading=\"lazy\" decoding=\"async\" class=\"alignnone wp-image-2568\" title=\"Apto veganos\" src=\"https:\/\/origen100x100.com\/wp-content\/uploads\/2020\/11\/Vegano-300x300.png\" alt=\"Apto veganos\" width=\"23\" height=\"23\" \/> <img loading=\"lazy\" decoding=\"async\" class=\"alignnone wp-image-2338\" title=\"Sense gluten\" src=\"https:\/\/origen100x100.com\/wp-content\/uploads\/2020\/11\/sin-gluten-300x300.png\" alt=\"Sense gluten\" width=\"23\" height=\"23\" \/><\/p>","protected":false},"featured_media":7479,"comment_status":"open","ping_status":"closed","template":"","meta":{"_acf_changed":false,"_et_pb_use_builder":"off","_et_pb_old_content":"","_et_gb_content_width":"","rank_math_lock_modified_date":false,"inline_featured_image":false},"product_brand":[],"product_cat":[53,32,33],"product_tag":[41,39],"class_list":{"0":"post-1237","1":"product","2":"type-product","3":"status-publish","4":"has-post-thumbnail","6":"product_cat-batch-cooking","7":"product_cat-platos-vegetarianos","8":"product_cat-verdura","9":"product_tag-sin-gluten","10":"product_tag-vegana","12":"first","13":"instock","14":"taxable","15":"shipping-taxable","16":"purchasable","17":"product-type-simple"},"acf":[],"_links":{"self":[{"href":"https:\/\/origen100x100.com\/cat\/wp-json\/wp\/v2\/product\/1237"}],"collection":[{"href":"https:\/\/origen100x100.com\/cat\/wp-json\/wp\/v2\/product"}],"about":[{"href":"https:\/\/origen100x100.com\/cat\/wp-json\/wp\/v2\/types\/product"}],"replies":[{"embeddable":true,"href":"https:\/\/origen100x100.com\/cat\/wp-json\/wp\/v2\/comments?post=1237"}],"wp:featuredmedia":[{"embeddable":true,"href":"https:\/\/origen100x100.com\/cat\/wp-json\/wp\/v2\/media\/7479"}],"wp:attachment":[{"href":"https:\/\/origen100x100.com\/cat\/wp-json\/wp\/v2\/media?parent=1237"}],"wp:term":[{"taxonomy":"product_brand","embeddable":true,"href":"https:\/\/origen100x100.com\/cat\/wp-json\/wp\/v2\/product_brand?post=1237"},{"taxonomy":"product_cat","embeddable":true,"href":"https:\/\/origen100x100.com\/cat\/wp-json\/wp\/v2\/product_cat?post=1237"},{"taxonomy":"product_tag","embeddable":true,"href":"https:\/\/origen100x100.com\/cat\/wp-json\/wp\/v2\/product_tag?post=1237"}],"curies":[{"name":"wp","href":"https:\/\/api.w.org\/{rel}","templated":true}]}}