{"id":8812,"date":"2024-10-10T17:02:50","date_gmt":"2024-10-10T15:02:50","guid":{"rendered":"https:\/\/origen100x100.com\/?page_id=8812"},"modified":"2024-11-29T13:58:42","modified_gmt":"2024-11-29T12:58:42","slug":"escudella-barrejada","status":"publish","type":"page","link":"https:\/\/origen100x100.com\/cat\/escudella-barrejada\/","title":{"rendered":"Escudella Barrejada"},"content":{"rendered":"<p>[et_pb_section fb_built=\u00bb1&#8243; _builder_version=\u00bb4.21.0&#8243; _module_preset=\u00bbdefault\u00bb global_colors_info=\u00bb{}\u00bb custom_padding=\u00bb0px|||||\u00bb][et_pb_row column_structure=\u00bb1_2,1_2&#8243; _builder_version=\u00bb4.21.0&#8243; _module_preset=\u00bbdefault\u00bb custom_padding=\u00bb0px|||||\u00bb global_colors_info=\u00bb{}\u00bb][et_pb_column type=\u00bb1_2&#8243; _builder_version=\u00bb4.21.0&#8243; _module_preset=\u00bbdefault\u00bb global_colors_info=\u00bb{}\u00bb][et_pb_text _builder_version=\u00bb4.21.0&#8243; _module_preset=\u00bbdefault\u00bb global_colors_info=\u00bb{}\u00bb]<\/p>\n<h2 style=\"text-align: left;\"><strong>Escudella Barrejada<br \/><\/strong><\/h2>\n<p>Nom\u00e9s has de posar a coure fideus gruixuts amb el brou. Esmicolar la Carn d&#8217;Olla a trossets i, quan faltin 2 min, afegir-ho tot a l&#8217;olla.<\/p>\n<p>[\/et_pb_text][et_pb_video src=\u00bbhttps:\/\/www.elcateringdelacomunicacio.com\/wp-content\/uploads\/ReceptaSoluciali-CarnOllaBarrejada.mp4&#8243; _builder_version=\u00bb4.27.2&#8243; _module_preset=\u00bbdefault\u00bb][\/et_pb_video][\/et_pb_column][et_pb_column type=\u00bb1_2&#8243; _builder_version=\u00bb4.21.0&#8243; _module_preset=\u00bbdefault\u00bb global_colors_info=\u00bb{}\u00bb][et_pb_image src=\u00bbhttps:\/\/origen100x100.com\/wp-content\/uploads\/2024\/10\/visual_3D_packaging_carn_olla-1.webp\u00bb title_text=\u00bbPackaging Carn Olla\u00bb _builder_version=\u00bb4.27.2&#8243; _module_preset=\u00bbdefault\u00bb width=\u00bb50%\u00bb max_width=\u00bb50%\u00bb module_alignment=\u00bbcenter\u00bb animation_style=\u00bbslide\u00bb animation_direction=\u00bbbottom\u00bb animation_intensity_slide=\u00bb5%\u00bb global_colors_info=\u00bb{}\u00bb][\/et_pb_image][\/et_pb_column][\/et_pb_row][\/et_pb_section][et_pb_section fb_built=\u00bb1&#8243; custom_padding_last_edited=\u00bbon|desktop\u00bb admin_label=\u00bbNewsletter\u00bb _builder_version=\u00bb4.16&#8243; background_color=\u00bbRGBA(255,255,255,0)\u00bb module_alignment=\u00bbcenter\u00bb custom_margin=\u00bb||||false|false\u00bb custom_padding=\u00bb||||true|false\u00bb custom_padding_tablet=\u00bb\u00bb custom_padding_phone=\u00bb||||false|false\u00bb module_alignment_last_edited=\u00bboff|desktop\u00bb locked=\u00bboff\u00bb global_colors_info=\u00bb{}\u00bb][et_pb_row column_structure=\u00bb3_5,2_5&#8243; use_custom_gutter=\u00bbon\u00bb gutter_width=\u00bb1&#8243; custom_padding_last_edited=\u00bbon|phone\u00bb _builder_version=\u00bb4.16&#8243; background_color=\u00bb#f0f2ec\u00bb background_image=\u00bbhttps:\/\/origen100x100.com\/wp-content\/uploads\/2022\/02\/bg-newsletter-min.jpg\u00bb background_size=\u00bbcontain\u00bb background_position=\u00bbcenter_right\u00bb positioning=\u00bbnone\u00bb width=\u00bb95%\u00bb width_tablet=\u00bb95%\u00bb width_phone=\u00bb90%\u00bb width_last_edited=\u00bbon|desktop\u00bb max_width_tablet=\u00bb\u00bb max_width_phone=\u00bb\u00bb max_width_last_edited=\u00bbon|desktop\u00bb custom_padding=\u00bb96px|64px|96px|64px|true|true\u00bb custom_padding_tablet=\u00bb56px|32px|56px|32px|true|true\u00bb custom_padding_phone=\u00bb32px|24px|32px|24px|true|true\u00bb animation_direction=\u00bbtop\u00bb background_last_edited=\u00bbon|desktop\u00bb background_enable_image_tablet=\u00bboff\u00bb border_radii=\u00bbon|40px|40px|40px|40px\u00bb make_fullwidth=\u00bbon\u00bb global_colors_info=\u00bb{}\u00bb][et_pb_column type=\u00bb3_5&#8243; _builder_version=\u00bb4.16&#8243; custom_padding=\u00bb||||false|false\u00bb global_colors_info=\u00bb{}\u00bb custom_padding__hover=\u00bb|||\u00bb][et_pb_text admin_label=\u00bbDiscover Beatuty Title\u00bb _builder_version=\u00bb4.16&#8243; text_font=\u00bb||||\u00bb text_text_color=\u00bb#738b5a\u00bb header_font=\u00bb|700||on|||||\u00bb header_text_align=\u00bbcenter\u00bb header_text_color=\u00bb#738b5a\u00bb header_font_size=\u00bb56px\u00bb header_line_height=\u00bb1.3em\u00bb header_2_font=\u00bbAverage|900|||||||\u00bb header_2_text_align=\u00bbleft\u00bb header_2_text_color=\u00bb#6A5259&#8243; header_2_font_size=\u00bb3rem\u00bb custom_margin=\u00bb||||false|false\u00bb custom_padding=\u00bb|||0px||\u00bb custom_padding_tablet=\u00bb3vw||||false|false\u00bb custom_padding_phone=\u00bb2vw||||false|false\u00bb custom_padding_last_edited=\u00bbon|phone\u00bb animation_direction=\u00bbtop\u00bb header_2_text_align_tablet=\u00bbleft\u00bb header_2_text_align_phone=\u00bbcenter\u00bb header_2_text_align_last_edited=\u00bbon|phone\u00bb header_2_font_size_tablet=\u00bb\u00bb header_2_font_size_phone=\u00bb32px\u00bb header_2_font_size_last_edited=\u00bbon|phone\u00bb locked=\u00bboff\u00bb global_colors_info=\u00bb{}\u00bb]<\/p>\n<h2>Apunta't a nostra newsletter i rep totes les nostres novetats<\/h2>\n<p>[\/et_pb_text][et_pb_divider divider_position=\u00bbcenter\u00bb divider_weight=\u00bb3px\u00bb disabled_on=\u00bboff|off|off\u00bb admin_label=\u00bbSeparador\u00bb _builder_version=\u00bb4.16&#8243; max_width=\u00bb150px\u00bb module_alignment=\u00bbleft\u00bb height=\u00bbfalse\u00bb custom_margin=\u00bb||1rem||false|false\u00bb custom_padding=\u00bb||||false|false\u00bb module_alignment_tablet=\u00bbleft\u00bb module_alignment_phone=\u00bbcenter\u00bb module_alignment_last_edited=\u00bbon|phone\u00bb custom_css_main_element=\u00bb||\u00bb locked=\u00bboff\u00bb global_colors_info=\u00bb{}\u00bb][\/et_pb_divider][et_pb_text _builder_version=\u00bb4.16&#8243; text_font=\u00bb||||||||\u00bb text_text_color=\u00bb#6A5259&#8243; header_font=\u00bb||||||||\u00bb header_4_font=\u00bb|600|||||||\u00bb header_4_text_color=\u00bb#ffffff\u00bb header_4_font_size=\u00bb19px\u00bb custom_margin=\u00bb||2rem||false|false\u00bb custom_padding=\u00bb||||false|false\u00bb animation_direction=\u00bbtop\u00bb text_font_size_tablet=\u00bb1.3rem\u00bb text_font_size_phone=\u00bb1rem\u00bb text_font_size_last_edited=\u00bbon|phone\u00bb text_orientation_tablet=\u00bb\u00bb text_orientation_phone=\u00bbcenter\u00bb text_orientation_last_edited=\u00bbon|phone\u00bb locked=\u00bboff\u00bb global_colors_info=\u00bb{}\u00bb]Te enviaremos nuestras \u00faltimas recetas, promociones y novedades para que est\u00e9s al d\u00eda de todo lo que estamos cocinando para ti.[\/et_pb_text][wpforms_selector form_id=\u00bb3122&#8243; _builder_version=\u00bb4.14.7&#8243; _module_preset=\u00bbdefault\u00bb width=\u00bb60%\u00bb module_alignment_tablet=\u00bb\u00bb module_alignment_phone=\u00bbcenter\u00bb module_alignment_last_edited=\u00bbon|phone\u00bb global_colors_info=\u00bb{}\u00bb][\/wpforms_selector][\/et_pb_column][et_pb_column type=\u00bb2_5&#8243; disabled_on=\u00bbon|on|off\u00bb _builder_version=\u00bb4.16&#8243; background_enable_image=\u00bboff\u00bb positioning=\u00bbnone\u00bb position_origin_a=\u00bbcenter_right\u00bb vertical_offset=\u00bb-30px\u00bb horizontal_offset=\u00bb44px\u00bb z_index=\u00bb125&#8243; position_origin_a_tablet=\u00bbcenter_right\u00bb position_origin_a_phone=\u00bbcenter_right\u00bb position_origin_a_last_edited=\u00bbon|tablet\u00bb position_origin_f_tablet=\u00bb\u00bb position_origin_f_phone=\u00bb\u00bb position_origin_f_last_edited=\u00bbon|desktop\u00bb position_origin_r_tablet=\u00bb\u00bb position_origin_r_phone=\u00bb\u00bb position_origin_r_last_edited=\u00bbon|desktop\u00bb custom_padding=\u00bb||||false|false\u00bb custom_padding_tablet=\u00bb72px||||false|false\u00bb custom_padding_phone=\u00bb48px||||false|false\u00bb custom_padding_last_edited=\u00bbon|phone\u00bb positioning_tablet=\u00bbnone\u00bb positioning_phone=\u00bbnone\u00bb positioning_last_edited=\u00bbon|desktop\u00bb global_colors_info=\u00bb{}\u00bb custom_padding__hover=\u00bb|||\u00bb][\/et_pb_column][\/et_pb_row][\/et_pb_section][et_pb_section fb_built=\u00bb1&#8243; admin_label=\u00bbFooter\u00bb _builder_version=\u00bb4.16&#8243; background_color=\u00bb#F79636&#8243; background_size=\u00bbinitial\u00bb background_repeat=\u00bbrepeat-y\u00bb custom_padding=\u00bb||||false|false\u00bb saved_tabs=\u00bball\u00bb locked=\u00bboff\u00bb global_colors_info=\u00bb{}\u00bb][et_pb_row column_structure=\u00bb1_2,1_4,1_4&#8243; _builder_version=\u00bb4.16&#8243; width=\u00bb90%\u00bb custom_padding=\u00bb0px||0px||true|false\u00bb border_color_all=\u00bbrgba(0,0,0,0)\u00bb border_color_top=\u00bb#000000&#8243; global_colors_info=\u00bb{}\u00bb][et_pb_column type=\u00bb1_2&#8243; _builder_version=\u00bb4.16&#8243; _module_preset=\u00bbdefault\u00bb global_colors_info=\u00bb{}\u00bb][et_pb_icon font_icon=\u00bb&#xf09a;||fa||400&#8243; icon_color=\u00bb#FFFFFF\u00bb icon_width=\u00bb24px\u00bb url=\u00bbhttps:\/\/www.facebook.com\/Origen100x100\/\u00bb url_new_window=\u00bbon\u00bb align=\u00bbleft\u00bb _builder_version=\u00bb4.16&#8243; _module_preset=\u00bbdefault\u00bb custom_margin=\u00bb|16px|||false|false\u00bb custom_css_main_element=\u00bbdisplay:inline-block;\u00bb global_colors_info=\u00bb{}\u00bb][\/et_pb_icon][et_pb_icon font_icon=\u00bb&#xe09a;||divi||400&#8243; icon_color=\u00bb#FFFFFF\u00bb icon_width=\u00bb24px\u00bb url=\u00bbhttps:\/\/www.facebook.com\/Origen100x100\/\u00bb url_new_window=\u00bbon\u00bb align=\u00bbleft\u00bb _builder_version=\u00bb4.16&#8243; _module_preset=\u00bbdefault\u00bb custom_css_main_element=\u00bbdisplay:inline-block;\u00bb global_colors_info=\u00bb{}\u00bb][\/et_pb_icon][et_pb_text _builder_version=\u00bb4.16&#8243; _module_preset=\u00bbdefault\u00bb text_font=\u00bbMontserrat||||||||\u00bb background_layout=\u00bbdark\u00bb custom_margin=\u00bb||1vw||false|false\u00bb custom_margin_tablet=\u00bb\u00bb custom_margin_phone=\u00bb\u00bb custom_margin_last_edited=\u00bbon|desktop\u00bb custom_padding=\u00bb||||false|false\u00bb global_colors_info=\u00bb{}\u00bb]C\/ Empord\u00e0, 15-17<br \/>\n08192 Sant Quirze del Vall\u00e8s (Barcelona)<br \/>\nEspa\u00f1a[\/et_pb_text][et_pb_image src=\u00bbhttps:\/\/origen100x100.com\/wp-content\/uploads\/2020\/11\/ecoembes-ccpae-sanitario.png\u00bb title_text=\u00bbecoembes-ccpae-sanitario\u00bb align_tablet=\u00bbleft\u00bb align_phone=\u00bb\u00bb align_last_edited=\u00bbon|tablet\u00bb _builder_version=\u00bb4.16&#8243; _module_preset=\u00bbdefault\u00bb max_width=\u00bb200px\u00bb module_alignment_tablet=\u00bbleft\u00bb module_alignment_phone=\u00bbleft\u00bb module_alignment_last_edited=\u00bbon|phone\u00bb global_colors_info=\u00bb{}\u00bb][\/et_pb_image][\/et_pb_column][et_pb_column type=\u00bb1_4&#8243; _builder_version=\u00bb4.16&#8243; _module_preset=\u00bbdefault\u00bb global_colors_info=\u00bb{}\u00bb][et_pb_text _builder_version=\u00bb4.16&#8243; text_font=\u00bb||||||||\u00bb text_text_color=\u00bb#FFFFFF\u00bb text_line_height=\u00bb1em\u00bb link_font=\u00bbMontserrat||||||||\u00bb link_text_color=\u00bb#FFFFFF\u00bb header_font=\u00bb||||||||\u00bb header_text_align=\u00bbleft\u00bb header_text_color=\u00bb#FFFFFF\u00bb header_3_font=\u00bb|700||on|||||\u00bb header_3_font_size=\u00bb12px\u00bb header_3_letter_spacing=\u00bb5px\u00bb header_3_line_height=\u00bb1.8em\u00bb header_4_font=\u00bbMontserrat|||on|||||\u00bb header_4_text_color=\u00bb#FFFFFF\u00bb background_layout=\u00bbdark\u00bb header_3_font_size_tablet=\u00bb\u00bb header_3_font_size_phone=\u00bb\u00bb header_3_font_size_last_edited=\u00bbon|desktop\u00bb locked=\u00bboff\u00bb global_colors_info=\u00bb{}\u00bb]<\/p>\n<h4><strong>SOBRE NOSALTRES<\/strong><\/h4>\n<p><\/p>\n<p><a href=\"https:\/\/origen100x100.com\/cat\/cocina-al-vacio\/\">Cuina al buit<\/a><\/p>\n<p><a href=\"https:\/\/origen100x100.com\/cat\/tienda\/\">Botiga<\/a><\/p>\n<p><a href=\"https:\/\/origen100x100.com\/cat\/blog\/\">Blog<\/a><\/p>\n<p><a href=\"https:\/\/origen100x100.com\/cat\/puntos-de-venta\/\">Punts de venda<\/a><\/p>\n<p><a href=\"https:\/\/origen100x100.com\/cat\/contacto\/\">Contacte<\/a><\/p>\n<p>[\/et_pb_text][\/et_pb_column][et_pb_column type=\u00bb1_4&#8243; _builder_version=\u00bb4.16&#8243; _module_preset=\u00bbdefault\u00bb global_colors_info=\u00bb{}\u00bb][et_pb_text _builder_version=\u00bb4.16&#8243; text_font=\u00bb||||||||\u00bb text_text_color=\u00bb#FFFFFF\u00bb text_line_height=\u00bb1em\u00bb link_font=\u00bbMontserrat||||||||\u00bb link_text_color=\u00bb#FFFFFF\u00bb header_font=\u00bb||||||||\u00bb header_text_align=\u00bbleft\u00bb header_3_font=\u00bb|700||on|||||\u00bb header_3_font_size=\u00bb12px\u00bb header_3_letter_spacing=\u00bb5px\u00bb header_3_line_height=\u00bb1.8em\u00bb header_4_font=\u00bbMontserrat|||on|||||\u00bb header_4_text_color=\u00bb#FFFFFF\u00bb header_3_font_size_tablet=\u00bb\u00bb header_3_font_size_phone=\u00bb\u00bb header_3_font_size_last_edited=\u00bbon|desktop\u00bb locked=\u00bboff\u00bb global_colors_info=\u00bb{}\u00bb]<\/p>\n<h4><strong>m\u00e9s info<\/strong><\/h4>\n<p><\/p>\n<p><a href=\"https:\/\/origen100x100.com\/cat\/cocina-al-vacio\/#faqs\">Preguntes freq\u00fcents<\/a><\/p>\n<p><a href=\"https:\/\/origen100x100.com\/cat\/politica-de-envios-y-devoluciones\/\">Enviaments i devolucions<\/a><\/p>\n<p><a href=\"https:\/\/origen100x100.com\/cat\/carrito\/\">Carret<\/a><\/p>\n<p><a href=\"https:\/\/origen100x100.com\/cat\/finalizar-compra\/\">Finalitzar compra<\/a><\/p>\n<p><a href=\"https:\/\/origen100x100.com\/cat\/mi-cuenta\/\">El meu compte<\/a><\/p>\n<p>[\/et_pb_text][\/et_pb_column][\/et_pb_row][\/et_pb_section][et_pb_section fb_built=\u00bb1&#8243; custom_padding_last_edited=\u00bbon|desktop\u00bb _builder_version=\u00bb4.16&#8243; _module_preset=\u00bbdefault\u00bb background_color=\u00bb#f79636&#8243; custom_padding=\u00bb||||true|false\u00bb custom_padding_tablet=\u00bb\u00bb custom_padding_phone=\u00bb\u00bb global_colors_info=\u00bb{}\u00bb][et_pb_row _builder_version=\u00bb4.16&#8243; _module_preset=\u00bbdefault\u00bb width=\u00bb90%\u00bb custom_padding=\u00bb||0px||false|false\u00bb border_color_all=\u00bb#ffb770&#8243; border_width_top=\u00bb1px\u00bb global_colors_info=\u00bb{}\u00bb][et_pb_column type=\u00bb4_4&#8243; _builder_version=\u00bb4.16&#8243; _module_preset=\u00bbdefault\u00bb global_colors_info=\u00bb{}\u00bb][et_pb_image src=\u00bbhttps:\/\/origen100x100.com\/wp-content\/uploads\/2022\/02\/logos-de-pago.png\u00bb alt=\u00bbLogos de proveedores de pago premitidos\u00bb title_text=\u00bbLogos de proveedores de pago premitidos\u00bb align=\u00bbcenter\u00bb _builder_version=\u00bb4.16&#8243; _module_preset=\u00bbdefault\u00bb width=\u00bb100%\u00bb width_tablet=\u00bb94%\u00bb width_phone=\u00bb77%\u00bb width_last_edited=\u00bbon|phone\u00bb global_colors_info=\u00bb{}\u00bb][\/et_pb_image][et_pb_text _builder_version=\u00bb4.21.0&#8243; _module_preset=\u00bbdefault\u00bb text_font=\u00bbMontserrat||||||||\u00bb text_text_color=\u00bb#ffffff\u00bb link_text_color=\u00bb#ffffff\u00bb text_orientation=\u00bbcenter\u00bb global_colors_info=\u00bb{}\u00bb]<\/p>\n<div>\u00a9 2024 Origen100x100 | <a href=\"https:\/\/origen100x100.com\/cat\/aviso-legal\/\">Av\u00eds legal<\/a> | <a href=\"https:\/\/origen100x100.com\/cat\/politica-privacidad\/\">Pol\u00edtica de Privacitat<\/a> | <a href=\"https:\/\/origen100x100.com\/cat\/uso-de-cookies\/\">Pol\u00edtica de Cookies<\/a><\/div>\n<p>[\/et_pb_text][\/et_pb_column][\/et_pb_row][\/et_pb_section]<\/p>","protected":false},"excerpt":{"rendered":"<p>Escudella Barrejada Nom\u00e9s has de posar a coure fideus gruixuts amb el brou. Esmicolar la Carn d&#8217;Olla a trossets i, quan faltin 2 min, afegir-ho tot a l&#8217;olla.Ap\u00fantate a nuestra newsletter y recibe todas nuestras novedadesTe enviaremos nuestras \u00faltimas recetas, promociones y novedades para que est\u00e9s al d\u00eda de todo lo que estamos cocinando para [&hellip;]<\/p>","protected":false},"author":268,"featured_media":0,"parent":0,"menu_order":0,"comment_status":"closed","ping_status":"closed","template":"","meta":{"_acf_changed":false,"_et_pb_use_builder":"on","_et_pb_old_content":"","_et_gb_content_width":"","rank_math_lock_modified_date":false,"inline_featured_image":false,"footnotes":""},"class_list":["post-8812","page","type-page","status-publish","hentry"],"acf":[],"_links":{"self":[{"href":"https:\/\/origen100x100.com\/cat\/wp-json\/wp\/v2\/pages\/8812"}],"collection":[{"href":"https:\/\/origen100x100.com\/cat\/wp-json\/wp\/v2\/pages"}],"about":[{"href":"https:\/\/origen100x100.com\/cat\/wp-json\/wp\/v2\/types\/page"}],"author":[{"embeddable":true,"href":"https:\/\/origen100x100.com\/cat\/wp-json\/wp\/v2\/users\/268"}],"replies":[{"embeddable":true,"href":"https:\/\/origen100x100.com\/cat\/wp-json\/wp\/v2\/comments?post=8812"}],"version-history":[{"count":4,"href":"https:\/\/origen100x100.com\/cat\/wp-json\/wp\/v2\/pages\/8812\/revisions"}],"predecessor-version":[{"id":8854,"href":"https:\/\/origen100x100.com\/cat\/wp-json\/wp\/v2\/pages\/8812\/revisions\/8854"}],"wp:attachment":[{"href":"https:\/\/origen100x100.com\/cat\/wp-json\/wp\/v2\/media?parent=8812"}],"curies":[{"name":"wp","href":"https:\/\/api.w.org\/{rel}","templated":true}]}}